{"id":9535,"date":"2020-11-05T11:07:17","date_gmt":"2020-11-05T13:07:17","guid":{"rendered":"http:\/\/atlasparasitologia.sites.uff.br\/?page_id=9535"},"modified":"2020-11-05T11:21:54","modified_gmt":"2020-11-05T13:21:54","slug":"amblyomma-sp","status":"publish","type":"page","link":"http:\/\/atlasparasitologia.sites.uff.br\/?page_id=9535","title":{"rendered":"Amblyomma sp."},"content":{"rendered":"\n<p>Carrapato de fam\u00edlia Ixodidae, apresentando corpo fundido em uma \u00fanica pe\u00e7a, escudo dorsal castanho desenhado, no macho com desenho em formato de estrela e abd\u00f4men terminado em fest\u00f5es. Gantossoma alongado terminal anterior com base hexagonal. Em vista ventral, apresenta placas peritem\u00e1ticas de forma ovalada.<\/p>\n\n\n\n<figure class=\"wp-block-image size-large is-resized\"><img loading=\"lazy\" decoding=\"async\" src=\"http:\/\/atlasparasitologia.sites.uff.br\/wp-content\/uploads\/sites\/41\/2020\/11\/amblyomma-sculptum-2.png\" alt=\"\" class=\"wp-image-9537\" width=\"299\" height=\"303\" srcset=\"http:\/\/atlasparasitologia.sites.uff.br\/wp-content\/uploads\/sites\/41\/2020\/11\/amblyomma-sculptum-2.png 400w, http:\/\/atlasparasitologia.sites.uff.br\/wp-content\/uploads\/sites\/41\/2020\/11\/amblyomma-sculptum-2-296x300.png 296w\" sizes=\"auto, (max-width: 299px) 100vw, 299px\" \/><\/figure>\n","protected":false},"excerpt":{"rendered":"<p>Carrapato de fam\u00edlia Ixodidae, apresentando corpo fundido em uma \u00fanica pe\u00e7a, escudo dorsal castanho desenhado, no macho com desenho em formato de estrela e abd\u00f4men terminado em fest\u00f5es. Gantossoma alongado terminal anterior com base hexagonal. Em vista ventral, apresenta placas peritem\u00e1ticas de forma ovalada.<\/p>\n","protected":false},"author":37,"featured_media":0,"parent":0,"menu_order":0,"comment_status":"closed","ping_status":"closed","template":"","meta":{"_exactmetrics_skip_tracking":false,"_exactmetrics_sitenote_active":false,"_exactmetrics_sitenote_note":"","_exactmetrics_sitenote_category":0,"footnotes":""},"categories":[171],"tags":[],"class_list":["post-9535","page","type-page","status-publish","hentry","category-artropodes"],"_links":{"self":[{"href":"http:\/\/atlasparasitologia.sites.uff.br\/index.php?rest_route=\/wp\/v2\/pages\/9535","targetHints":{"allow":["GET"]}}],"collection":[{"href":"http:\/\/atlasparasitologia.sites.uff.br\/index.php?rest_route=\/wp\/v2\/pages"}],"about":[{"href":"http:\/\/atlasparasitologia.sites.uff.br\/index.php?rest_route=\/wp\/v2\/types\/page"}],"author":[{"embeddable":true,"href":"http:\/\/atlasparasitologia.sites.uff.br\/index.php?rest_route=\/wp\/v2\/users\/37"}],"replies":[{"embeddable":true,"href":"http:\/\/atlasparasitologia.sites.uff.br\/index.php?rest_route=%2Fwp%2Fv2%2Fcomments&post=9535"}],"version-history":[{"count":2,"href":"http:\/\/atlasparasitologia.sites.uff.br\/index.php?rest_route=\/wp\/v2\/pages\/9535\/revisions"}],"predecessor-version":[{"id":9542,"href":"http:\/\/atlasparasitologia.sites.uff.br\/index.php?rest_route=\/wp\/v2\/pages\/9535\/revisions\/9542"}],"wp:attachment":[{"href":"http:\/\/atlasparasitologia.sites.uff.br\/index.php?rest_route=%2Fwp%2Fv2%2Fmedia&parent=9535"}],"wp:term":[{"taxonomy":"category","embeddable":true,"href":"http:\/\/atlasparasitologia.sites.uff.br\/index.php?rest_route=%2Fwp%2Fv2%2Fcategories&post=9535"},{"taxonomy":"post_tag","embeddable":true,"href":"http:\/\/atlasparasitologia.sites.uff.br\/index.php?rest_route=%2Fwp%2Fv2%2Ftags&post=9535"}],"curies":[{"name":"wp","href":"https:\/\/api.w.org\/{rel}","templated":true}]}}