{"id":9433,"date":"2020-09-25T02:18:52","date_gmt":"2020-09-25T05:18:52","guid":{"rendered":"http:\/\/atlasparasitologia.sites.uff.br\/?page_id=9433"},"modified":"2020-09-25T02:19:14","modified_gmt":"2020-09-25T05:19:14","slug":"menacanthus-stramineus","status":"publish","type":"page","link":"http:\/\/atlasparasitologia.sites.uff.br\/?page_id=9433","title":{"rendered":"Menacanthus stramineus"},"content":{"rendered":"\n<p><em>Menacanthus stramineus<\/em> &#8211; Piolho da Sub-ordem Amblycera, com cabe\u00e7a mais larga que o t\u00f3rax, cabe\u00e7a com formato subtriangular, alargada na posterior e arredondado na anterior e aparato bucal mastigador. T\u00f3rax com tr\u00eas segmentos claramente diferenciados: prot\u00f3rax, mesot\u00f3rax e metat\u00f3rax e tr\u00eas pares de patas. Macho com 2,8 mm e f\u00eamea com 3,5mm.<\/p>\n\n\n<p><a href=\"http:\/\/atlasparasitologia.sites.uff.br\/?attachment_id=9435\" rel=\"attachment wp-att-9435\"><img loading=\"lazy\" decoding=\"async\" class=\"alignnone size-medium wp-image-9435\" src=\"http:\/\/atlasparasitologia.sites.uff.br\/wp-content\/uploads\/sites\/41\/2020\/09\/MS1-300x300.png\" alt=\"\" width=\"300\" height=\"300\" srcset=\"http:\/\/atlasparasitologia.sites.uff.br\/wp-content\/uploads\/sites\/41\/2020\/09\/MS1-300x300.png 300w, http:\/\/atlasparasitologia.sites.uff.br\/wp-content\/uploads\/sites\/41\/2020\/09\/MS1-150x150.png 150w, http:\/\/atlasparasitologia.sites.uff.br\/wp-content\/uploads\/sites\/41\/2020\/09\/MS1.png 400w\" sizes=\"auto, (max-width: 300px) 100vw, 300px\" \/><\/a><a href=\"http:\/\/atlasparasitologia.sites.uff.br\/?attachment_id=9436\" rel=\"attachment wp-att-9436\"><img loading=\"lazy\" decoding=\"async\" class=\"alignnone size-medium wp-image-9436\" src=\"http:\/\/atlasparasitologia.sites.uff.br\/wp-content\/uploads\/sites\/41\/2020\/09\/MS2-300x300.png\" alt=\"\" width=\"300\" height=\"300\" srcset=\"http:\/\/atlasparasitologia.sites.uff.br\/wp-content\/uploads\/sites\/41\/2020\/09\/MS2-300x300.png 300w, http:\/\/atlasparasitologia.sites.uff.br\/wp-content\/uploads\/sites\/41\/2020\/09\/MS2-150x150.png 150w, http:\/\/atlasparasitologia.sites.uff.br\/wp-content\/uploads\/sites\/41\/2020\/09\/MS2.png 400w\" sizes=\"auto, (max-width: 300px) 100vw, 300px\" \/><\/a> <a href=\"http:\/\/atlasparasitologia.sites.uff.br\/?attachment_id=9437\" rel=\"attachment wp-att-9437\"><img loading=\"lazy\" decoding=\"async\" class=\"alignnone size-medium wp-image-9437\" src=\"http:\/\/atlasparasitologia.sites.uff.br\/wp-content\/uploads\/sites\/41\/2020\/09\/MS3-300x300.png\" alt=\"\" width=\"300\" height=\"300\" srcset=\"http:\/\/atlasparasitologia.sites.uff.br\/wp-content\/uploads\/sites\/41\/2020\/09\/MS3-300x300.png 300w, http:\/\/atlasparasitologia.sites.uff.br\/wp-content\/uploads\/sites\/41\/2020\/09\/MS3-150x150.png 150w, http:\/\/atlasparasitologia.sites.uff.br\/wp-content\/uploads\/sites\/41\/2020\/09\/MS3.png 400w\" sizes=\"auto, (max-width: 300px) 100vw, 300px\" \/><\/a><\/p>\n\n","protected":false},"excerpt":{"rendered":"<p>Menacanthus stramineus &#8211; Piolho da Sub-ordem Amblycera, com cabe\u00e7a mais larga que o t\u00f3rax, cabe\u00e7a com formato subtriangular, alargada na posterior e arredondado na anterior e aparato bucal mastigador. T\u00f3rax com tr\u00eas segmentos claramente diferenciados: prot\u00f3rax, mesot\u00f3rax e metat\u00f3rax e tr\u00eas pares de patas. Macho com 2,8 mm e f\u00eamea com 3,5mm.<\/p>\n","protected":false},"author":37,"featured_media":0,"parent":0,"menu_order":0,"comment_status":"closed","ping_status":"closed","template":"","meta":{"_exactmetrics_skip_tracking":false,"_exactmetrics_sitenote_active":false,"_exactmetrics_sitenote_note":"","_exactmetrics_sitenote_category":0,"footnotes":""},"categories":[185],"tags":[],"class_list":["post-9433","page","type-page","status-publish","hentry","category-menacanthus-stramineus"],"_links":{"self":[{"href":"http:\/\/atlasparasitologia.sites.uff.br\/index.php?rest_route=\/wp\/v2\/pages\/9433","targetHints":{"allow":["GET"]}}],"collection":[{"href":"http:\/\/atlasparasitologia.sites.uff.br\/index.php?rest_route=\/wp\/v2\/pages"}],"about":[{"href":"http:\/\/atlasparasitologia.sites.uff.br\/index.php?rest_route=\/wp\/v2\/types\/page"}],"author":[{"embeddable":true,"href":"http:\/\/atlasparasitologia.sites.uff.br\/index.php?rest_route=\/wp\/v2\/users\/37"}],"replies":[{"embeddable":true,"href":"http:\/\/atlasparasitologia.sites.uff.br\/index.php?rest_route=%2Fwp%2Fv2%2Fcomments&post=9433"}],"version-history":[{"count":1,"href":"http:\/\/atlasparasitologia.sites.uff.br\/index.php?rest_route=\/wp\/v2\/pages\/9433\/revisions"}],"predecessor-version":[{"id":9441,"href":"http:\/\/atlasparasitologia.sites.uff.br\/index.php?rest_route=\/wp\/v2\/pages\/9433\/revisions\/9441"}],"wp:attachment":[{"href":"http:\/\/atlasparasitologia.sites.uff.br\/index.php?rest_route=%2Fwp%2Fv2%2Fmedia&parent=9433"}],"wp:term":[{"taxonomy":"category","embeddable":true,"href":"http:\/\/atlasparasitologia.sites.uff.br\/index.php?rest_route=%2Fwp%2Fv2%2Fcategories&post=9433"},{"taxonomy":"post_tag","embeddable":true,"href":"http:\/\/atlasparasitologia.sites.uff.br\/index.php?rest_route=%2Fwp%2Fv2%2Ftags&post=9433"}],"curies":[{"name":"wp","href":"https:\/\/api.w.org\/{rel}","templated":true}]}}