{"id":9425,"date":"2020-09-25T02:10:10","date_gmt":"2020-09-25T05:10:10","guid":{"rendered":"http:\/\/atlasparasitologia.sites.uff.br\/?page_id=9425"},"modified":"2021-10-19T22:21:51","modified_gmt":"2021-10-20T01:21:51","slug":"anocentor-nitens","status":"publish","type":"page","link":"http:\/\/atlasparasitologia.sites.uff.br\/?page_id=9425","title":{"rendered":"\ud835\ude08\ud835\ude2f\ud835\ude30\ud835\ude24\ud835\ude26\ud835\ude2f\ud835\ude35\ud835\ude30\ud835\ude33 \ud835\ude2f\ud835\ude2a\ud835\ude35\ud835\ude26\ud835\ude2f\ud835\ude34"},"content":{"rendered":"\n<p><em>Anocentor nitens<\/em> \u2013 carrapato de fam\u00edlia Ixodidae, apresentando corpo fundido em uma \u00fanica pe\u00e7a, escudo dorsal, gantossoma terminal anterior e quatro pares de patas. Em vista ventral, apresenta base do gnatossoma hexagonal, sem placas adanais e com peritrema arredondado em forma de disco de telefone.<\/p>\n\n\n<p><a href=\"http:\/\/atlasparasitologia.sites.uff.br\/?attachment_id=9426\" rel=\"attachment wp-att-9426\"><img loading=\"lazy\" decoding=\"async\" class=\"alignnone size-medium wp-image-9426\" src=\"http:\/\/atlasparasitologia.sites.uff.br\/wp-content\/uploads\/sites\/41\/2020\/09\/AN1-300x300.png\" alt=\"\" width=\"300\" height=\"300\" srcset=\"http:\/\/atlasparasitologia.sites.uff.br\/wp-content\/uploads\/sites\/41\/2020\/09\/AN1-300x300.png 300w, http:\/\/atlasparasitologia.sites.uff.br\/wp-content\/uploads\/sites\/41\/2020\/09\/AN1-150x150.png 150w, http:\/\/atlasparasitologia.sites.uff.br\/wp-content\/uploads\/sites\/41\/2020\/09\/AN1.png 400w\" sizes=\"auto, (max-width: 300px) 100vw, 300px\" \/><\/a><a href=\"http:\/\/atlasparasitologia.sites.uff.br\/?attachment_id=9427\" rel=\"attachment wp-att-9427\"><img loading=\"lazy\" decoding=\"async\" class=\"alignnone size-medium wp-image-9427\" src=\"http:\/\/atlasparasitologia.sites.uff.br\/wp-content\/uploads\/sites\/41\/2020\/09\/AN2-300x300.png\" alt=\"\" width=\"300\" height=\"300\" srcset=\"http:\/\/atlasparasitologia.sites.uff.br\/wp-content\/uploads\/sites\/41\/2020\/09\/AN2-300x300.png 300w, http:\/\/atlasparasitologia.sites.uff.br\/wp-content\/uploads\/sites\/41\/2020\/09\/AN2-150x150.png 150w, http:\/\/atlasparasitologia.sites.uff.br\/wp-content\/uploads\/sites\/41\/2020\/09\/AN2.png 400w\" sizes=\"auto, (max-width: 300px) 100vw, 300px\" \/><\/a> <a href=\"http:\/\/atlasparasitologia.sites.uff.br\/?attachment_id=9428\" rel=\"attachment wp-att-9428\"><img loading=\"lazy\" decoding=\"async\" class=\"alignnone size-medium wp-image-9428\" src=\"http:\/\/atlasparasitologia.sites.uff.br\/wp-content\/uploads\/sites\/41\/2020\/09\/AN3-300x300.png\" alt=\"\" width=\"300\" height=\"300\" srcset=\"http:\/\/atlasparasitologia.sites.uff.br\/wp-content\/uploads\/sites\/41\/2020\/09\/AN3-300x300.png 300w, http:\/\/atlasparasitologia.sites.uff.br\/wp-content\/uploads\/sites\/41\/2020\/09\/AN3-150x150.png 150w, http:\/\/atlasparasitologia.sites.uff.br\/wp-content\/uploads\/sites\/41\/2020\/09\/AN3.png 400w\" sizes=\"auto, (max-width: 300px) 100vw, 300px\" \/><\/a><\/p>","protected":false},"excerpt":{"rendered":"<p>Anocentor nitens \u2013 carrapato de fam\u00edlia Ixodidae, apresentando corpo fundido em uma \u00fanica pe\u00e7a, escudo dorsal, gantossoma terminal anterior e quatro pares de patas. Em vista ventral, apresenta base do gnatossoma hexagonal, sem placas adanais e com peritrema arredondado em forma de disco de telefone.<\/p>\n","protected":false},"author":37,"featured_media":0,"parent":0,"menu_order":0,"comment_status":"closed","ping_status":"closed","template":"","meta":{"_exactmetrics_skip_tracking":false,"_exactmetrics_sitenote_active":false,"_exactmetrics_sitenote_note":"","_exactmetrics_sitenote_category":0,"footnotes":""},"categories":[179],"tags":[],"class_list":["post-9425","page","type-page","status-publish","hentry","category-anocentor-nitens"],"_links":{"self":[{"href":"http:\/\/atlasparasitologia.sites.uff.br\/index.php?rest_route=\/wp\/v2\/pages\/9425","targetHints":{"allow":["GET"]}}],"collection":[{"href":"http:\/\/atlasparasitologia.sites.uff.br\/index.php?rest_route=\/wp\/v2\/pages"}],"about":[{"href":"http:\/\/atlasparasitologia.sites.uff.br\/index.php?rest_route=\/wp\/v2\/types\/page"}],"author":[{"embeddable":true,"href":"http:\/\/atlasparasitologia.sites.uff.br\/index.php?rest_route=\/wp\/v2\/users\/37"}],"replies":[{"embeddable":true,"href":"http:\/\/atlasparasitologia.sites.uff.br\/index.php?rest_route=%2Fwp%2Fv2%2Fcomments&post=9425"}],"version-history":[{"count":2,"href":"http:\/\/atlasparasitologia.sites.uff.br\/index.php?rest_route=\/wp\/v2\/pages\/9425\/revisions"}],"predecessor-version":[{"id":10014,"href":"http:\/\/atlasparasitologia.sites.uff.br\/index.php?rest_route=\/wp\/v2\/pages\/9425\/revisions\/10014"}],"wp:attachment":[{"href":"http:\/\/atlasparasitologia.sites.uff.br\/index.php?rest_route=%2Fwp%2Fv2%2Fmedia&parent=9425"}],"wp:term":[{"taxonomy":"category","embeddable":true,"href":"http:\/\/atlasparasitologia.sites.uff.br\/index.php?rest_route=%2Fwp%2Fv2%2Fcategories&post=9425"},{"taxonomy":"post_tag","embeddable":true,"href":"http:\/\/atlasparasitologia.sites.uff.br\/index.php?rest_route=%2Fwp%2Fv2%2Ftags&post=9425"}],"curies":[{"name":"wp","href":"https:\/\/api.w.org\/{rel}","templated":true}]}}