{"id":9385,"date":"2020-09-25T01:25:26","date_gmt":"2020-09-25T04:25:26","guid":{"rendered":"http:\/\/atlasparasitologia.sites.uff.br\/?page_id=9385"},"modified":"2020-09-25T01:25:26","modified_gmt":"2020-09-25T04:25:26","slug":"rhipicephalus-microplus","status":"publish","type":"page","link":"http:\/\/atlasparasitologia.sites.uff.br\/?page_id=9385","title":{"rendered":"Rhipicephalus microplus"},"content":{"rendered":"\n<p>Rhipicephalus microplus &#8211; carrapato de fam\u00edlia Ixodidae, apresentando corpo fundido em uma \u00fanica pe\u00e7a, escudo dorsal e gantossoma terminal anterior. Em vista ventral, apresenta placas peritem\u00e1ticas arredondada, dois pares de placas anais bem desenvolvidos e aus\u00eancia de fest\u00f5es nos machos.<\/p>\n\n\n<p><a href=\"http:\/\/atlasparasitologia.sites.uff.br\/?attachment_id=9386\" rel=\"attachment wp-att-9386\"><img loading=\"lazy\" decoding=\"async\" class=\"alignnone size-medium wp-image-9386\" src=\"http:\/\/atlasparasitologia.sites.uff.br\/wp-content\/uploads\/sites\/41\/2020\/09\/RM1-300x300.png\" alt=\"\" width=\"300\" height=\"300\" srcset=\"http:\/\/atlasparasitologia.sites.uff.br\/wp-content\/uploads\/sites\/41\/2020\/09\/RM1-300x300.png 300w, http:\/\/atlasparasitologia.sites.uff.br\/wp-content\/uploads\/sites\/41\/2020\/09\/RM1-150x150.png 150w, http:\/\/atlasparasitologia.sites.uff.br\/wp-content\/uploads\/sites\/41\/2020\/09\/RM1.png 400w\" sizes=\"auto, (max-width: 300px) 100vw, 300px\" \/><\/a> <a href=\"http:\/\/atlasparasitologia.sites.uff.br\/?attachment_id=9387\" rel=\"attachment wp-att-9387\"><img loading=\"lazy\" decoding=\"async\" class=\"alignnone size-medium wp-image-9387\" src=\"http:\/\/atlasparasitologia.sites.uff.br\/wp-content\/uploads\/sites\/41\/2020\/09\/RM2-300x300.png\" alt=\"\" width=\"300\" height=\"300\" srcset=\"http:\/\/atlasparasitologia.sites.uff.br\/wp-content\/uploads\/sites\/41\/2020\/09\/RM2-300x300.png 300w, http:\/\/atlasparasitologia.sites.uff.br\/wp-content\/uploads\/sites\/41\/2020\/09\/RM2-150x150.png 150w, http:\/\/atlasparasitologia.sites.uff.br\/wp-content\/uploads\/sites\/41\/2020\/09\/RM2.png 400w\" sizes=\"auto, (max-width: 300px) 100vw, 300px\" \/><\/a><\/p>","protected":false},"excerpt":{"rendered":"<p>Rhipicephalus microplus &#8211; carrapato de fam\u00edlia Ixodidae, apresentando corpo fundido em uma \u00fanica pe\u00e7a, escudo dorsal e gantossoma terminal anterior. Em vista ventral, apresenta placas peritem\u00e1ticas arredondada, dois pares de placas anais bem desenvolvidos e aus\u00eancia de fest\u00f5es nos machos.<\/p>\n","protected":false},"author":37,"featured_media":0,"parent":0,"menu_order":0,"comment_status":"closed","ping_status":"closed","template":"","meta":{"_exactmetrics_skip_tracking":false,"_exactmetrics_sitenote_active":false,"_exactmetrics_sitenote_note":"","_exactmetrics_sitenote_category":0,"footnotes":""},"categories":[181],"tags":[],"class_list":["post-9385","page","type-page","status-publish","hentry","category-rhipicephalus-microplus"],"_links":{"self":[{"href":"http:\/\/atlasparasitologia.sites.uff.br\/index.php?rest_route=\/wp\/v2\/pages\/9385","targetHints":{"allow":["GET"]}}],"collection":[{"href":"http:\/\/atlasparasitologia.sites.uff.br\/index.php?rest_route=\/wp\/v2\/pages"}],"about":[{"href":"http:\/\/atlasparasitologia.sites.uff.br\/index.php?rest_route=\/wp\/v2\/types\/page"}],"author":[{"embeddable":true,"href":"http:\/\/atlasparasitologia.sites.uff.br\/index.php?rest_route=\/wp\/v2\/users\/37"}],"replies":[{"embeddable":true,"href":"http:\/\/atlasparasitologia.sites.uff.br\/index.php?rest_route=%2Fwp%2Fv2%2Fcomments&post=9385"}],"version-history":[{"count":1,"href":"http:\/\/atlasparasitologia.sites.uff.br\/index.php?rest_route=\/wp\/v2\/pages\/9385\/revisions"}],"predecessor-version":[{"id":9391,"href":"http:\/\/atlasparasitologia.sites.uff.br\/index.php?rest_route=\/wp\/v2\/pages\/9385\/revisions\/9391"}],"wp:attachment":[{"href":"http:\/\/atlasparasitologia.sites.uff.br\/index.php?rest_route=%2Fwp%2Fv2%2Fmedia&parent=9385"}],"wp:term":[{"taxonomy":"category","embeddable":true,"href":"http:\/\/atlasparasitologia.sites.uff.br\/index.php?rest_route=%2Fwp%2Fv2%2Fcategories&post=9385"},{"taxonomy":"post_tag","embeddable":true,"href":"http:\/\/atlasparasitologia.sites.uff.br\/index.php?rest_route=%2Fwp%2Fv2%2Ftags&post=9385"}],"curies":[{"name":"wp","href":"https:\/\/api.w.org\/{rel}","templated":true}]}}