{"id":9376,"date":"2020-09-25T01:17:14","date_gmt":"2020-09-25T04:17:14","guid":{"rendered":"http:\/\/atlasparasitologia.sites.uff.br\/?page_id=9376"},"modified":"2020-09-25T01:17:14","modified_gmt":"2020-09-25T04:17:14","slug":"rhipicephalus-sanguineus","status":"publish","type":"page","link":"http:\/\/atlasparasitologia.sites.uff.br\/?page_id=9376","title":{"rendered":"Rhipicephalus sanguineus"},"content":{"rendered":"\n<p>Rhipicephalus sanguineus \u2013 carrapato de fam\u00edlia Ixodidae, apresentando corpo fundido em uma \u00fanica pe\u00e7a, escudo dorsal e gantossoma terminal anterior. Em vista ventral, apresenta placas peritem\u00e1ticas em forma de v\u00edrgula, um par de placas anais bem desenvolvido e outros hipotrofiado (dif\u00edcil visualiza\u00e7\u00e3o) e presen\u00e7a de fest\u00f5es nos machos.<\/p>\n\n\n<p><a href=\"http:\/\/atlasparasitologia.sites.uff.br\/?attachment_id=9378\" rel=\"attachment wp-att-9378\"><img loading=\"lazy\" decoding=\"async\" class=\"alignnone size-medium wp-image-9378\" src=\"http:\/\/atlasparasitologia.sites.uff.br\/wp-content\/uploads\/sites\/41\/2020\/09\/RS1-1-300x300.png\" alt=\"\" width=\"300\" height=\"300\" srcset=\"http:\/\/atlasparasitologia.sites.uff.br\/wp-content\/uploads\/sites\/41\/2020\/09\/RS1-1-300x300.png 300w, http:\/\/atlasparasitologia.sites.uff.br\/wp-content\/uploads\/sites\/41\/2020\/09\/RS1-1-150x150.png 150w, http:\/\/atlasparasitologia.sites.uff.br\/wp-content\/uploads\/sites\/41\/2020\/09\/RS1-1.png 400w\" sizes=\"auto, (max-width: 300px) 100vw, 300px\" \/><\/a><a href=\"http:\/\/atlasparasitologia.sites.uff.br\/?attachment_id=9379\" rel=\"attachment wp-att-9379\"><img loading=\"lazy\" decoding=\"async\" class=\"alignnone size-medium wp-image-9379\" src=\"http:\/\/atlasparasitologia.sites.uff.br\/wp-content\/uploads\/sites\/41\/2020\/09\/RS2-300x300.png\" alt=\"\" width=\"300\" height=\"300\" srcset=\"http:\/\/atlasparasitologia.sites.uff.br\/wp-content\/uploads\/sites\/41\/2020\/09\/RS2-300x300.png 300w, http:\/\/atlasparasitologia.sites.uff.br\/wp-content\/uploads\/sites\/41\/2020\/09\/RS2-150x150.png 150w, http:\/\/atlasparasitologia.sites.uff.br\/wp-content\/uploads\/sites\/41\/2020\/09\/RS2.png 400w\" sizes=\"auto, (max-width: 300px) 100vw, 300px\" \/><\/a> <a href=\"http:\/\/atlasparasitologia.sites.uff.br\/?attachment_id=9380\" rel=\"attachment wp-att-9380\"><img loading=\"lazy\" decoding=\"async\" class=\"alignnone size-medium wp-image-9380\" src=\"http:\/\/atlasparasitologia.sites.uff.br\/wp-content\/uploads\/sites\/41\/2020\/09\/RS3-300x300.png\" alt=\"\" width=\"300\" height=\"300\" srcset=\"http:\/\/atlasparasitologia.sites.uff.br\/wp-content\/uploads\/sites\/41\/2020\/09\/RS3-300x300.png 300w, http:\/\/atlasparasitologia.sites.uff.br\/wp-content\/uploads\/sites\/41\/2020\/09\/RS3-150x150.png 150w, http:\/\/atlasparasitologia.sites.uff.br\/wp-content\/uploads\/sites\/41\/2020\/09\/RS3.png 400w\" sizes=\"auto, (max-width: 300px) 100vw, 300px\" \/><\/a><\/p>","protected":false},"excerpt":{"rendered":"<p>Rhipicephalus sanguineus \u2013 carrapato de fam\u00edlia Ixodidae, apresentando corpo fundido em uma \u00fanica pe\u00e7a, escudo dorsal e gantossoma terminal anterior. Em vista ventral, apresenta placas peritem\u00e1ticas em forma de v\u00edrgula, um par de placas anais bem desenvolvido e outros hipotrofiado (dif\u00edcil visualiza\u00e7\u00e3o) e presen\u00e7a de fest\u00f5es nos machos.<\/p>\n","protected":false},"author":37,"featured_media":0,"parent":0,"menu_order":0,"comment_status":"closed","ping_status":"closed","template":"","meta":{"_exactmetrics_skip_tracking":false,"_exactmetrics_sitenote_active":false,"_exactmetrics_sitenote_note":"","_exactmetrics_sitenote_category":0,"footnotes":""},"categories":[182],"tags":[],"class_list":["post-9376","page","type-page","status-publish","hentry","category-rhipicephalus-sanguineus"],"_links":{"self":[{"href":"http:\/\/atlasparasitologia.sites.uff.br\/index.php?rest_route=\/wp\/v2\/pages\/9376","targetHints":{"allow":["GET"]}}],"collection":[{"href":"http:\/\/atlasparasitologia.sites.uff.br\/index.php?rest_route=\/wp\/v2\/pages"}],"about":[{"href":"http:\/\/atlasparasitologia.sites.uff.br\/index.php?rest_route=\/wp\/v2\/types\/page"}],"author":[{"embeddable":true,"href":"http:\/\/atlasparasitologia.sites.uff.br\/index.php?rest_route=\/wp\/v2\/users\/37"}],"replies":[{"embeddable":true,"href":"http:\/\/atlasparasitologia.sites.uff.br\/index.php?rest_route=%2Fwp%2Fv2%2Fcomments&post=9376"}],"version-history":[{"count":1,"href":"http:\/\/atlasparasitologia.sites.uff.br\/index.php?rest_route=\/wp\/v2\/pages\/9376\/revisions"}],"predecessor-version":[{"id":9384,"href":"http:\/\/atlasparasitologia.sites.uff.br\/index.php?rest_route=\/wp\/v2\/pages\/9376\/revisions\/9384"}],"wp:attachment":[{"href":"http:\/\/atlasparasitologia.sites.uff.br\/index.php?rest_route=%2Fwp%2Fv2%2Fmedia&parent=9376"}],"wp:term":[{"taxonomy":"category","embeddable":true,"href":"http:\/\/atlasparasitologia.sites.uff.br\/index.php?rest_route=%2Fwp%2Fv2%2Fcategories&post=9376"},{"taxonomy":"post_tag","embeddable":true,"href":"http:\/\/atlasparasitologia.sites.uff.br\/index.php?rest_route=%2Fwp%2Fv2%2Ftags&post=9376"}],"curies":[{"name":"wp","href":"https:\/\/api.w.org\/{rel}","templated":true}]}}