{"id":9302,"date":"2020-09-01T11:58:50","date_gmt":"2020-09-01T14:58:50","guid":{"rendered":"http:\/\/atlasparasitologia.sites.uff.br\/?page_id=9302"},"modified":"2020-09-07T19:55:07","modified_gmt":"2020-09-07T22:55:07","slug":"taxonomia","status":"publish","type":"page","link":"http:\/\/atlasparasitologia.sites.uff.br\/?page_id=9302","title":{"rendered":"Taxonomia"},"content":{"rendered":"\n<p>Ruggiero et al. (2015) apresentaram um consenso entre a classifica\u00e7\u00e3o evolutiva e a filogen\u00e9tica de todos os organismos vivos baseado na opini\u00e3o de mais de 3000 taxonomistas em um sistema hierarquizado, coerente e unificado denominado Cat\u00e1logo da Vida (Catalogue of Life  &#8211; CoL). Neste sistema, v\u00e1rios organismos foram reclassificados. Com base neste e em outros artigos foi criado a p\u00e1gina &#8220;The Taxonomicon&#8221;. O Taxonomicon \u00e9 um sistema de informa\u00e7\u00e3o sobre biodiversidade que cont\u00e9m informa\u00e7\u00f5es de uma infinidade de fontes. A partir de consultas nesse sistema \u00e9 poss\u00edvel acessar a Taxonomia completa e atualizada dos organismos.<\/p>\n\n\n\n<div class=\"wp-block-button aligncenter is-style-fill\"><a class=\"wp-block-button__link has-text-color has-very-light-gray-color has-background\" href=\"http:\/\/taxonomicon.taxonomy.nl\/\" style=\"background-color:#005aaa;border-radius:8px\" target=\"_blank\" rel=\"http:\/\/taxonomicon.taxonomy.nl\/ noopener noreferrer\">O Taxonomicon<\/a><\/div>\n\n\n\n<p><\/p>\n\n\n\n<p><strong>Refer\u00eancia: <\/strong><\/p>\n\n\n\n<p class=\"has-text-align-left\">Ruggiero, M. A., Gordon, D. P., Orrell, T. M., Bailly, N., Bourgoin, T., Brusca, R. C., \u2026 &amp; Kirk, P. M. (2015). A higher level classification of all living organisms. PloS one, 10(4), e0119248. dispon\u00edvel em: <a rel=\"noreferrer noopener\" aria-label=\"https:\/\/journals.plos.org\/plosone\/article?id=10.1371\/journal.pone.0119248 (abre numa nova aba)\" href=\"https:\/\/journals.plos.org\/plosone\/article?id=10.1371\/journal.pone.0119248\" target=\"_blank\">https:\/\/journals.plos.org\/plosone\/article?id=10.1371\/journal.pone.0119248<\/a>, acesso em 01\/09\/2020.<\/p>\n\n\n\n<p><\/p>\n","protected":false},"excerpt":{"rendered":"<p>Ruggiero et al. (2015) apresentaram um consenso entre a classifica\u00e7\u00e3o evolutiva e a filogen\u00e9tica de todos os organismos vivos baseado na opini\u00e3o de mais de 3000 taxonomistas em um sistema hierarquizado, coerente e unificado denominado Cat\u00e1logo da Vida (Catalogue of Life &#8211; CoL). Neste sistema, v\u00e1rios organismos foram reclassificados. Com base neste e em outros [&hellip;]<\/p>\n","protected":false},"author":37,"featured_media":0,"parent":0,"menu_order":0,"comment_status":"closed","ping_status":"closed","template":"","meta":{"_exactmetrics_skip_tracking":false,"_exactmetrics_sitenote_active":false,"_exactmetrics_sitenote_note":"","_exactmetrics_sitenote_category":0,"footnotes":""},"categories":[],"tags":[],"class_list":["post-9302","page","type-page","status-publish","hentry"],"_links":{"self":[{"href":"http:\/\/atlasparasitologia.sites.uff.br\/index.php?rest_route=\/wp\/v2\/pages\/9302","targetHints":{"allow":["GET"]}}],"collection":[{"href":"http:\/\/atlasparasitologia.sites.uff.br\/index.php?rest_route=\/wp\/v2\/pages"}],"about":[{"href":"http:\/\/atlasparasitologia.sites.uff.br\/index.php?rest_route=\/wp\/v2\/types\/page"}],"author":[{"embeddable":true,"href":"http:\/\/atlasparasitologia.sites.uff.br\/index.php?rest_route=\/wp\/v2\/users\/37"}],"replies":[{"embeddable":true,"href":"http:\/\/atlasparasitologia.sites.uff.br\/index.php?rest_route=%2Fwp%2Fv2%2Fcomments&post=9302"}],"version-history":[{"count":12,"href":"http:\/\/atlasparasitologia.sites.uff.br\/index.php?rest_route=\/wp\/v2\/pages\/9302\/revisions"}],"predecessor-version":[{"id":9328,"href":"http:\/\/atlasparasitologia.sites.uff.br\/index.php?rest_route=\/wp\/v2\/pages\/9302\/revisions\/9328"}],"wp:attachment":[{"href":"http:\/\/atlasparasitologia.sites.uff.br\/index.php?rest_route=%2Fwp%2Fv2%2Fmedia&parent=9302"}],"wp:term":[{"taxonomy":"category","embeddable":true,"href":"http:\/\/atlasparasitologia.sites.uff.br\/index.php?rest_route=%2Fwp%2Fv2%2Fcategories&post=9302"},{"taxonomy":"post_tag","embeddable":true,"href":"http:\/\/atlasparasitologia.sites.uff.br\/index.php?rest_route=%2Fwp%2Fv2%2Ftags&post=9302"}],"curies":[{"name":"wp","href":"https:\/\/api.w.org\/{rel}","templated":true}]}}